{"id":850,"date":"2025-12-11T18:18:58","date_gmt":"2025-12-11T17:18:58","guid":{"rendered":"https:\/\/www.soekeland-galerie.de\/?page_id=850"},"modified":"2025-12-13T20:57:38","modified_gmt":"2025-12-13T19:57:38","slug":"cyberzauber","status":"publish","type":"page","link":"https:\/\/www.soekeland-galerie.de\/index.php\/cyberzauber\/","title":{"rendered":"Cyberzauber"},"content":{"rendered":"\n<figure class=\"wp-block-image size-full\"><img loading=\"lazy\" decoding=\"async\" width=\"1000\" height=\"1000\" src=\"https:\/\/www.soekeland-galerie.de\/wp-content\/uploads\/2025\/12\/cyberzauber.jpg\" alt=\"\" class=\"wp-image-851\" srcset=\"https:\/\/www.soekeland-galerie.de\/wp-content\/uploads\/2025\/12\/cyberzauber.jpg 1000w, https:\/\/www.soekeland-galerie.de\/wp-content\/uploads\/2025\/12\/cyberzauber-300x300.jpg 300w, https:\/\/www.soekeland-galerie.de\/wp-content\/uploads\/2025\/12\/cyberzauber-150x150.jpg 150w, https:\/\/www.soekeland-galerie.de\/wp-content\/uploads\/2025\/12\/cyberzauber-768x768.jpg 768w\" sizes=\"auto, (max-width: 1000px) 100vw, 1000px\" \/><figcaption class=\"wp-element-caption\"><strong>Cyberzauber<\/strong> <br>\u00d6l, Acryl auf Leinwand, 100 x 100 cm, 2018<\/figcaption><\/figure>\n\n\n\n<p>\u201eUnd f\u00fchre uns nicht in Versuchung\u201c, neue Techniken, neue digitale Welten geben der Menschheit neue Impulse. Die Frage ist nur, inwieweit Abh\u00e4ngigkeit entstehten kann und mit welchen Gef\u00fchlen werden Menschen konfrontiert?<\/p>\n\n\n\n<p>John C. Liily* war einer der sch\u00e4rfsten und genialsten K\u00f6pfe der westlichen Wissenschaft. Er war Arzt, Neurowissenschaftler, Psychoanalytiker und dann der erste Mensch, der sich in einem von ihm selbst entwickelten Reizentzugstank bewusst auf sein reines Bewusstsein reduzierte. Seine Botschaft war Warnung vor einer Zukunft, in der das Bewusstsein mit Maschinen verschmilzt und seine W\u00e4rme, sein Mitgef\u00fchl, seine Seele verliert. Er hat das nicht einfach aus der Luft gegriffen. Er beschrieb seine eigenen Begegnungen mit dem, was er als gegens\u00e4tzliche Kr\u00e4fte wahrnahm: die eine dr\u00e4ngte die Menschheit zu h\u00f6herem Bewusstsein, die andere zu mechanischer Effizienz und spirituellem Untergang.<\/p>\n\n\n\n<p>Lilly sah unsere Zukunft an einem Scheideweg. Auf dem einen Weg werden wir programmierbar wie Sklaven von Algorithmen, externen Systemen, angstbasierten Narrativen und k\u00fcnstlichen Bewusstseinssystemen, die wir nach unserem eigenen Bild erschaffen haben. Kommt Ihnen das bekannt vor? Auf dem anderen Weg entwickeln wir uns weiter. Wir wachsen. Wir erkennen die Wahrheit, dass die Realit\u00e4t flexibel ist und das Bewusstsein die Grundlage bildet. Er glaubte, die Zukunft der Menschheit h\u00e4nge davon ab, welcher Intelligenz wir uns zuwenden: dem warmen, weiten Bewusstsein oder einer kalten, berechnenden Pr\u00e4zision.<\/p>\n\n\n\n<p>Er war uns um Jahrzehnte voraus und warnte schon vor KI, noch bevor wir Heimcomputer hatten. Der Mann hinterlie\u00df eine Botschaft: Die Realit\u00e4t ist programmierbar, das Bewusstsein der Code, und die Zukunft h\u00e4ngt davon ab, ob wir aufwachen, bevor die Maschinen das Steuer \u00fcbernehmen.<\/p>\n\n\n\n<p>Ausstellung <strong>&#8222;EinSpruch&#8220;<\/strong> pART 96, Landgericht M\u00fcnster 2018<\/p>\n","protected":false},"excerpt":{"rendered":"<p>\u201eUnd f\u00fchre uns nicht in Versuchung\u201c, neue Techniken, neue digitale Welten geben der Menschheit neue Impulse. Die Frage ist nur, inwieweit Abh\u00e4ngigkeit entstehten kann und mit welchen Gef\u00fchlen werden Menschen konfrontiert? John C. Liily* war einer der sch\u00e4rfsten und genialsten K\u00f6pfe der westlichen Wissenschaft. Er war Arzt, Neurowissenschaftler, Psychoanalytiker und dann der erste Mensch, der &#8230; <a title=\"Cyberzauber\" class=\"read-more\" href=\"https:\/\/www.soekeland-galerie.de\/index.php\/cyberzauber\/\" aria-label=\"Mehr Informationen \u00fcber Cyberzauber\">Weiterlesen<\/a><\/p>\n","protected":false},"author":1,"featured_media":0,"parent":0,"menu_order":0,"comment_status":"closed","ping_status":"closed","template":"","meta":{"ngg_post_thumbnail":0,"footnotes":""},"class_list":["post-850","page","type-page","status-publish"],"jetpack_sharing_enabled":true,"_links":{"self":[{"href":"https:\/\/www.soekeland-galerie.de\/index.php\/wp-json\/wp\/v2\/pages\/850","targetHints":{"allow":["GET"]}}],"collection":[{"href":"https:\/\/www.soekeland-galerie.de\/index.php\/wp-json\/wp\/v2\/pages"}],"about":[{"href":"https:\/\/www.soekeland-galerie.de\/index.php\/wp-json\/wp\/v2\/types\/page"}],"author":[{"embeddable":true,"href":"https:\/\/www.soekeland-galerie.de\/index.php\/wp-json\/wp\/v2\/users\/1"}],"replies":[{"embeddable":true,"href":"https:\/\/www.soekeland-galerie.de\/index.php\/wp-json\/wp\/v2\/comments?post=850"}],"version-history":[{"count":4,"href":"https:\/\/www.soekeland-galerie.de\/index.php\/wp-json\/wp\/v2\/pages\/850\/revisions"}],"predecessor-version":[{"id":884,"href":"https:\/\/www.soekeland-galerie.de\/index.php\/wp-json\/wp\/v2\/pages\/850\/revisions\/884"}],"wp:attachment":[{"href":"https:\/\/www.soekeland-galerie.de\/index.php\/wp-json\/wp\/v2\/media?parent=850"}],"curies":[{"name":"wp","href":"https:\/\/api.w.org\/{rel}","templated":true}]}}