{"id":72,"date":"2022-02-16T19:14:13","date_gmt":"2022-02-16T18:14:13","guid":{"rendered":"http:\/\/www.soekeland-galerie.de\/?page_id=72"},"modified":"2024-08-12T14:20:40","modified_gmt":"2024-08-12T12:20:40","slug":"gips-rost","status":"publish","type":"page","link":"https:\/\/www.soekeland-galerie.de\/index.php\/gips-rost\/","title":{"rendered":"Gips &#038; Rost"},"content":{"rendered":"\n<figure class=\"wp-block-image size-full\"><img loading=\"lazy\" decoding=\"async\" width=\"1500\" height=\"750\" src=\"https:\/\/www.soekeland-galerie.de\/wp-content\/uploads\/2024\/08\/spotI-1.jpg\" alt=\"\" class=\"wp-image-627\" srcset=\"https:\/\/www.soekeland-galerie.de\/wp-content\/uploads\/2024\/08\/spotI-1.jpg 1500w, https:\/\/www.soekeland-galerie.de\/wp-content\/uploads\/2024\/08\/spotI-1-300x150.jpg 300w, https:\/\/www.soekeland-galerie.de\/wp-content\/uploads\/2024\/08\/spotI-1-1024x512.jpg 1024w, https:\/\/www.soekeland-galerie.de\/wp-content\/uploads\/2024\/08\/spotI-1-768x384.jpg 768w\" sizes=\"auto, (max-width: 1500px) 100vw, 1500px\" \/><figcaption class=\"wp-element-caption\"><strong>Spot<\/strong><br>40 x 80 cm, 2015<\/figcaption><\/figure>\n\n\n\nngg_shortcode_0_placeholder\n\n\n\n<div class=\"wp-block-columns is-layout-flex wp-container-core-columns-is-layout-9d6595d7 wp-block-columns-is-layout-flex\">\n<div class=\"wp-block-column is-layout-flow wp-block-column-is-layout-flow\" style=\"flex-basis:66.66%\">\n<p>Die Werke dieser Serie entstanden&nbsp; 2014-2015 als Experimente mit den Materialien Gips und Rost. &nbsp;<\/p>\n\n\n\n<p>Ausgangspunkt waren die millionenfach industriell gefertigten Formen f\u00fcr S\u00fc\u00dfwaren. Deren Abg\u00fcsse wurden auf Leinwand montiert und mit Acryl-, oxidierenden Rost-, Metall- oder Interferenzfarben \u00fcbermalt. In den anderen malerischen Partien wurden die Formen \u00fcbernommen und auch anderes Fundmaterial verwendet.<\/p>\n\n\n\n<p>Diese Kunstwerke sollen auf die st\u00e4ndig wachsenden M\u00fcllberge aufmerksam machen, die durch unsere industrielle Produktion entstehen.&nbsp;<\/p>\n<\/div>\n\n\n\n<div class=\"wp-block-column is-layout-flow wp-block-column-is-layout-flow\" style=\"flex-basis:33.33%\"><\/div>\n<\/div>\n","protected":false},"excerpt":{"rendered":"<p>Die Werke dieser Serie entstanden&nbsp; 2014-2015 als Experimente mit den Materialien Gips und Rost. &nbsp; Ausgangspunkt waren die millionenfach industriell gefertigten Formen f\u00fcr S\u00fc\u00dfwaren. Deren Abg\u00fcsse wurden auf Leinwand montiert und mit Acryl-, oxidierenden Rost-, Metall- oder Interferenzfarben \u00fcbermalt. In den anderen malerischen Partien wurden die Formen \u00fcbernommen und auch anderes Fundmaterial verwendet. Diese Kunstwerke &#8230; <a title=\"Gips &#038; Rost\" class=\"read-more\" href=\"https:\/\/www.soekeland-galerie.de\/index.php\/gips-rost\/\" aria-label=\"Mehr Informationen \u00fcber Gips &#038; Rost\">Weiterlesen<\/a><\/p>\n","protected":false},"author":1,"featured_media":0,"parent":0,"menu_order":0,"comment_status":"closed","ping_status":"closed","template":"","meta":{"ngg_post_thumbnail":0,"footnotes":""},"class_list":["post-72","page","type-page","status-publish"],"jetpack_sharing_enabled":true,"_links":{"self":[{"href":"https:\/\/www.soekeland-galerie.de\/index.php\/wp-json\/wp\/v2\/pages\/72","targetHints":{"allow":["GET"]}}],"collection":[{"href":"https:\/\/www.soekeland-galerie.de\/index.php\/wp-json\/wp\/v2\/pages"}],"about":[{"href":"https:\/\/www.soekeland-galerie.de\/index.php\/wp-json\/wp\/v2\/types\/page"}],"author":[{"embeddable":true,"href":"https:\/\/www.soekeland-galerie.de\/index.php\/wp-json\/wp\/v2\/users\/1"}],"replies":[{"embeddable":true,"href":"https:\/\/www.soekeland-galerie.de\/index.php\/wp-json\/wp\/v2\/comments?post=72"}],"version-history":[{"count":8,"href":"https:\/\/www.soekeland-galerie.de\/index.php\/wp-json\/wp\/v2\/pages\/72\/revisions"}],"predecessor-version":[{"id":628,"href":"https:\/\/www.soekeland-galerie.de\/index.php\/wp-json\/wp\/v2\/pages\/72\/revisions\/628"}],"wp:attachment":[{"href":"https:\/\/www.soekeland-galerie.de\/index.php\/wp-json\/wp\/v2\/media?parent=72"}],"curies":[{"name":"wp","href":"https:\/\/api.w.org\/{rel}","templated":true}]}}